{"id":14825,"date":"2014-04-14T15:13:06","date_gmt":"2014-04-14T15:13:06","guid":{"rendered":"http:\/\/demo.qodeinteractive.com\/bridge19\/?page_id=14825"},"modified":"2024-09-19T16:50:17","modified_gmt":"2024-09-19T19:50:17","slug":"standard-header","status":"publish","type":"page","link":"http:\/\/tormicron.com.ar\/?page_id=14825","title":{"rendered":"sistema de gesti\u00f3n de la calidad"},"content":{"rendered":"<div class=\"wpb-content-wrapper\"><p>[vc_row css_animation=\u00bb\u00bb row_type=\u00bbrow\u00bb use_row_as_full_screen_section=\u00bbno\u00bb type=\u00bbgrid\u00bb angled_section=\u00bbno\u00bb text_align=\u00bbleft\u00bb background_image_as_pattern=\u00bbwithout_pattern\u00bb background_color=\u00bb#ffffff\u00bb padding_top=\u00bb87&#8243; padding_bottom=\u00bb95&#8243;][vc_column width=\u00bb2\/3&#8243;][vc_column_text]<\/p>\n<p style=\"text-align: left; font-size: 1.2em; line-height: 25px;\">El sistema de gesti\u00f3n de la calidad se encuentra certificado de acuerdo con los requisitos espec\u00edficos de los productos sanitarios y a todos los principios de las buenas pr\u00e1cticas de fabricaci\u00f3n (BPF), en conformidad a lo solicitado por la Administraci\u00f3n Nacional de medicamentos, Alimentos y Tecnolog\u00eda Medica (ANMAT).<\/p>\n<p style=\"text-align: left; font-size: 1.2em; line-height: 25px;\">A los clientes se les entrega de acuerdo a sus requerimientos espec\u00edficos de calidad estos documentos:<\/p>\n<p>[\/vc_column_text][vc_empty_space]<div class=ordered><\/p>\n<ul style=\"font-size: 1em;\">\n<li>Procedimiento de Presentaci\u00f3n de Muestras<\/li>\n<li>Aprobaci\u00f3n M\u00f3dulo de Embalaje<\/li>\n<li>Planificaci\u00f3n APQP<\/li>\n<li>Documentacion de PPAP<\/li>\n<li>Herramienta de seguimiento de Proyecto<\/li>\n<li>Autorizaci\u00f3n de Desv\u00edo Temporal<\/li>\n<\/ul>\n<p><\/div>[vc_separator type=\u00bbtransparent\u00bb up=\u00bb10&#8243; down=\u00bb10&#8243;][vc_column_text]<\/p>\n<p>[\/vc_column_text][vc_separator type=\u00bbtransparent\u00bb up=\u00bb5&#8243; down=\u00bb20&#8243;][\/vc_column][vc_column width=\u00bb1\/3&#8243;][vc_gallery interval=\u00bb3&#8243; images=\u00bb16273,16274,16285,16275,16276,16277&#8243; img_size=\u00bbmedium\u00bb][\/vc_column][\/vc_row]<\/p>\n<\/div>","protected":false},"excerpt":{"rendered":"<p>[vc_row css_animation=\u00bb\u00bb row_type=\u00bbrow\u00bb use_row_as_full_screen_section=\u00bbno\u00bb type=\u00bbgrid\u00bb angled_section=\u00bbno\u00bb text_align=\u00bbleft\u00bb background_image_as_pattern=\u00bbwithout_pattern\u00bb background_color=\u00bb#ffffff\u00bb padding_top=\u00bb87&#8243; padding_bottom=\u00bb95&#8243;][vc_column width=\u00bb2\/3&#8243;][vc_column_text] El sistema de gesti\u00f3n de la calidad se encuentra certificado de acuerdo con los requisitos espec\u00edficos de los productos sanitarios y a todos los principios de las buenas pr\u00e1cticas de fabricaci\u00f3n (BPF), en&#8230;<\/p>\n","protected":false},"author":1,"featured_media":0,"parent":0,"menu_order":0,"comment_status":"open","ping_status":"open","template":"full_width.php","meta":{"footnotes":""},"class_list":["post-14825","page","type-page","status-publish","hentry"],"_links":{"self":[{"href":"http:\/\/tormicron.com.ar\/index.php?rest_route=\/wp\/v2\/pages\/14825"}],"collection":[{"href":"http:\/\/tormicron.com.ar\/index.php?rest_route=\/wp\/v2\/pages"}],"about":[{"href":"http:\/\/tormicron.com.ar\/index.php?rest_route=\/wp\/v2\/types\/page"}],"author":[{"embeddable":true,"href":"http:\/\/tormicron.com.ar\/index.php?rest_route=\/wp\/v2\/users\/1"}],"replies":[{"embeddable":true,"href":"http:\/\/tormicron.com.ar\/index.php?rest_route=%2Fwp%2Fv2%2Fcomments&post=14825"}],"version-history":[{"count":17,"href":"http:\/\/tormicron.com.ar\/index.php?rest_route=\/wp\/v2\/pages\/14825\/revisions"}],"predecessor-version":[{"id":16286,"href":"http:\/\/tormicron.com.ar\/index.php?rest_route=\/wp\/v2\/pages\/14825\/revisions\/16286"}],"wp:attachment":[{"href":"http:\/\/tormicron.com.ar\/index.php?rest_route=%2Fwp%2Fv2%2Fmedia&parent=14825"}],"curies":[{"name":"wp","href":"https:\/\/api.w.org\/{rel}","templated":true}]}}